{"id":14,"date":"2023-08-25T00:51:23","date_gmt":"2023-08-25T00:51:23","guid":{"rendered":"https:\/\/rrhhjustucuman.com.ar\/site\/?page_id=14"},"modified":"2023-09-20T11:44:36","modified_gmt":"2023-09-20T14:44:36","slug":"preguntas-frecuentes","status":"publish","type":"page","link":"https:\/\/rrhhjustucuman.com.ar\/site\/preguntas-frecuentes\/","title":{"rendered":"Preguntas Frecuentes"},"content":{"rendered":"\n<h1 class=\"wp-block-heading\" style=\"font-size:23px\"><strong>\u00bfC\u00f3mo ingresar al Poder Judicial?<\/strong><\/h1>\n\n\n\n<div class=\"wp-block-group\"><div class=\"wp-block-group__inner-container is-layout-constrained wp-block-group-is-layout-constrained\">\n<p class=\"justificar\" style=\"font-size:20px;font-style:normal;font-weight:500\">El Poder Judicial de Tucum\u00e1n garantiza el acceso igualitario sin otra condici\u00f3n que la idoneidad, tal como lo establece el art\u00edculo 16 y art\u00edculo 75 inciso 23 de la Constituci\u00f3n Nacional, implementando para ello un r\u00e9gimen de Concursos P\u00fablicos para los ingresos.<\/p>\n\n\n\n<p class=\"justificar\" style=\"font-size:20px;font-style:normal;font-weight:500\">Esta forma de acceso democr\u00e1tico constituye un elemento caracter\u00edstico del Poder Judicial, que permite diferenciarlo de otras instituciones estatales. El acceso por concurso hace a la transparencia y eficiencia, tiende a mejorar el v\u00ednculo entre Poder Judicial y ciudadan\u00eda y permite acrecentar la productividad.<\/p>\n<\/div><\/div>\n\n\n\n<p class=\"justificar\" style=\"font-size:20px;font-style:normal;font-weight:500\">El ingreso por concurso garantiza la igualdad de acceso a los derechos de los ciudadanos y democratiza la pol\u00edtica de recursos humanos.<\/p>\n\n\n\n<hr class=\"wp-block-separator has-text-color has-alpha-channel-opacity has-background is-style-wide\" style=\"background-color:#f88e43;color:#f88e43\"\/>\n\n\n\n<h2 class=\"wp-block-heading\" style=\"font-size:23px\">\u00bfC\u00f3mo es el proceso de selecci\u00f3n?<\/h2>\n\n\n\n<div class=\"wp-block-group justificar\"><div class=\"wp-block-group__inner-container is-layout-constrained wp-block-group-is-layout-constrained\">\n<p class=\"justificar\" style=\"font-size:20px\">Los Concursos P\u00fablicos son aprobados por acordadas de la Excelent\u00edsima Corte Suprema de Justicia, las que son publicadas en la p\u00e1gina web del Poder Judicial, Direcci\u00f3n de Recursos Humanos,&nbsp;<a href=\"https:\/\/rrhh.justucuman.gov.ar\/concursos-panel.php\" target=\"_blank\" rel=\"noreferrer noopener\">secci\u00f3n Concursos<\/a>.<\/p>\n\n\n\n<p style=\"font-size:20px\">Es muy importante que el postulante lea detenidamente la Acordada y sus anexos para interiorizarse de los requisitos y de los detalles de todo el proceso.<\/p>\n\n\n\n<p class=\"has-medium-font-size\">Luego de aprobar todos los ex\u00e1menes, el postulante debe consultar su orden de m\u00e9rito.<\/p>\n<\/div><\/div>\n\n\n\n<hr class=\"wp-block-separator has-text-color has-alpha-channel-opacity has-background is-style-wide\" style=\"background-color:#f88e43;color:#f88e43\"\/>\n\n\n\n<h2 class=\"wp-block-heading\" style=\"font-size:23px\">\u00bfC\u00f3mo se difunden los concursos?<\/h2>\n\n\n\n<div class=\"wp-block-group justificar\"><div class=\"wp-block-group__inner-container is-layout-constrained wp-block-group-is-layout-constrained\">\n<p class=\"has-medium-font-size\">Todas las convocatorias para participar de Concursos P\u00fablicos son publicadas en la p\u00e1gina web del Poder Judicial de Tucum\u00e1n, Direcci\u00f3n de Recursos Humanos,&nbsp;<a href=\"https:\/\/rrhhjustucuman.com.ar\/site\/concursos\/\" data-type=\"page\" data-id=\"230\" target=\"_blank\" rel=\"noreferrer noopener\">secci\u00f3n Concursos<\/a>.<\/p>\n\n\n\n<p class=\"has-medium-font-size\">La Direcci\u00f3n de Comunicaci\u00f3n P\u00fablica realiza una amplia difusi\u00f3n en los medios de prensa y en los colegios profesionales (seg\u00fan cual fuere la vacante a cubrir).<\/p>\n\n\n\n<p class=\"has-medium-font-size\">La Acordada que aprueba el Concurso P\u00fablico establece la fecha de inscripci\u00f3n, todos los requisitos y los detalles del proceso de evaluaci\u00f3n.<\/p>\n<\/div><\/div>\n\n\n\n<hr class=\"wp-block-separator has-text-color has-alpha-channel-opacity has-background is-style-wide\" style=\"background-color:#f88e43;color:#f88e43\"\/>\n\n\n\n<h2 class=\"wp-block-heading\" style=\"font-size:23px\">\u00bfC\u00f3mo es la preparaci\u00f3n para el concurso de Ayudante Judicial?<\/h2>\n\n\n\n<div class=\"wp-block-group justificar\"><div class=\"wp-block-group__inner-container is-layout-constrained wp-block-group-is-layout-constrained\">\n<p style=\"font-size:20px\">Todo el material de estudio se publica en la p\u00e1gina web del Poder Judicial, Direcci\u00f3n de Recursos Humanos,&nbsp;<a rel=\"noreferrer noopener\" href=\"https:\/\/rrhhjustucuman.com.ar\/site\/concursos\/\" target=\"_blank\">secci\u00f3n Concursos<\/a>.<\/p>\n\n\n\n<p style=\"font-size:20px\"><strong>El Poder Judicial de Tucum\u00e1n no organiza, ni avala, ning\u00fan curso preparatorio para aprobar los ex\u00e1menes del Concurso P\u00fablico.<\/strong><\/p>\n<\/div><\/div>\n\n\n\n<hr class=\"wp-block-separator has-text-color has-alpha-channel-opacity has-background is-style-wide\" style=\"background-color:#f88e43;color:#f88e43\"\/>\n\n\n\n<h2 class=\"wp-block-heading\" style=\"font-size:23px\">\u00bfQu\u00e9 oficina articula el proceso de ingreso?<\/h2>\n\n\n\n<div class=\"wp-block-group justificar\"><div class=\"wp-block-group__inner-container is-layout-constrained wp-block-group-is-layout-constrained\">\n<div class=\"wp-block-group is-vertical is-content-justification-stretch is-layout-flex wp-container-core-group-is-layout-b16ad781 wp-block-group-is-layout-flex\">\n<p style=\"font-size:20px\">La Direcci\u00f3n de Recursos Humanos est\u00e1 a cargo de todo el proceso.<\/p>\n\n\n\n<p style=\"font-size:20px\">Para m\u00e1s informaci\u00f3n escribir a:<\/p>\n<\/div>\n\n\n\n<div class=\"wp-block-group is-vertical is-content-justification-left is-nowrap is-layout-flex wp-container-core-group-is-layout-cfee1719 wp-block-group-is-layout-flex\">\n<p class=\"has-medium-font-size\">Cel.: 3815 73-5344<\/p>\n\n\n\n<p class=\"has-medium-font-size\">Correo: <a href=\"mailto:%20rrhhcomolli@justucuman.gov.ar\">concursos.pjtuc@gmail.com<\/a><\/p>\n\n\n\n<p class=\"has-medium-font-size\">Direcci\u00f3n: Lamadrid 420, 1er. piso.<\/p>\n<\/div>\n<\/div><\/div>\n\n\n\n<hr class=\"wp-block-separator has-text-color has-alpha-channel-opacity has-background is-style-wide\" style=\"background-color:#f88e43;color:#f88e43\"\/>\n\n\n\n<h2 class=\"wp-block-heading\" style=\"font-size:23px\">Aprobado el concurso de Ayudante Judicial, \u00bfc\u00f3mo contin\u00fao?<\/h2>\n\n\n\n<div class=\"wp-block-group justificar\"><div class=\"wp-block-group__inner-container is-layout-constrained wp-block-group-is-layout-constrained\">\n<p style=\"font-size:20px\">Los postulantes que hubieren quedado en los primeros lugares del Orden de M\u00e9rito ser\u00e1n convocados a trav\u00e9s de la p\u00e1gina web, seg\u00fan las cantidades de vacantes a cubrir, para iniciar los tr\u00e1mites preocupacionales que consisten en:<\/p>\n\n\n\n<ul class=\"wp-block-list\" id=\"listado\">\n<li style=\"font-size:20px\">Presentar toda la documentaci\u00f3n requerida en tiempo y forma<\/li>\n\n\n\n<li style=\"font-size:20px\">Ex\u00e1menes m\u00e9dicos<\/li>\n\n\n\n<li style=\"font-size:20px\">Entrevista psicol\u00f3gica<\/li>\n\n\n\n<li style=\"font-size:20px\">Curso de capacitaci\u00f3n<\/li>\n\n\n\n<li style=\"font-size:20px\">Pr\u00e1ctica obligatoria en el Poder Judicial durante 10 d\u00edas<\/li>\n\n\n\n<li style=\"font-size:20px\">Entrevista con la directora de Recursos Humanos<\/li>\n<\/ul>\n<\/div><\/div>\n","protected":false},"excerpt":{"rendered":"<p>\u00bfC\u00f3mo ingresar al Poder Judicial? El Poder Judicial de Tucum\u00e1n garantiza el acceso igualitario sin otra condici\u00f3n que la idoneidad, tal como lo establece el art\u00edculo 16 y art\u00edculo 75 inciso 23 de la Constituci\u00f3n Nacional, implementando para ello un r\u00e9gimen de Concursos P\u00fablicos para los ingresos. Esta forma de acceso democr\u00e1tico constituye un elemento&hellip;&nbsp;<\/p>\n","protected":false},"author":2,"featured_media":0,"parent":0,"menu_order":0,"comment_status":"closed","ping_status":"closed","template":"","meta":{"neve_meta_sidebar":"","neve_meta_container":"","neve_meta_enable_content_width":"","neve_meta_content_width":0,"neve_meta_title_alignment":"","neve_meta_author_avatar":"","neve_post_elements_order":"","neve_meta_disable_header":"","neve_meta_disable_footer":"","neve_meta_disable_title":"","footnotes":""},"class_list":["post-14","page","type-page","status-publish","hentry"],"jetpack_sharing_enabled":true,"_links":{"self":[{"href":"https:\/\/rrhhjustucuman.com.ar\/site\/wp-json\/wp\/v2\/pages\/14","targetHints":{"allow":["GET"]}}],"collection":[{"href":"https:\/\/rrhhjustucuman.com.ar\/site\/wp-json\/wp\/v2\/pages"}],"about":[{"href":"https:\/\/rrhhjustucuman.com.ar\/site\/wp-json\/wp\/v2\/types\/page"}],"author":[{"embeddable":true,"href":"https:\/\/rrhhjustucuman.com.ar\/site\/wp-json\/wp\/v2\/users\/2"}],"replies":[{"embeddable":true,"href":"https:\/\/rrhhjustucuman.com.ar\/site\/wp-json\/wp\/v2\/comments?post=14"}],"version-history":[{"count":35,"href":"https:\/\/rrhhjustucuman.com.ar\/site\/wp-json\/wp\/v2\/pages\/14\/revisions"}],"predecessor-version":[{"id":1184,"href":"https:\/\/rrhhjustucuman.com.ar\/site\/wp-json\/wp\/v2\/pages\/14\/revisions\/1184"}],"wp:attachment":[{"href":"https:\/\/rrhhjustucuman.com.ar\/site\/wp-json\/wp\/v2\/media?parent=14"}],"curies":[{"name":"wp","href":"https:\/\/api.w.org\/{rel}","templated":true}]}}