{"id":522,"date":"2023-08-31T16:47:32","date_gmt":"2023-08-31T19:47:32","guid":{"rendered":"https:\/\/rrhhjustucuman.com.ar\/site\/?page_id=522"},"modified":"2024-08-07T07:42:29","modified_gmt":"2024-08-07T10:42:29","slug":"concursos-para-cargos-de-funcionarios-con-orden-de-merito-vencido","status":"publish","type":"page","link":"https:\/\/rrhhjustucuman.com.ar\/site\/concursos-para-cargos-de-funcionarios-con-orden-de-merito-vencido\/","title":{"rendered":"Concursos para funcionarios\/as con orden de m\u00e9rito vencido"},"content":{"rendered":"\n<hr class=\"wp-block-separator has-text-color has-alpha-channel-opacity has-background is-style-wide\" style=\"background-color:#f7904b;color:#f7904b\"\/>\n\n\n\n<p><a href=\"https:\/\/www.justucuman.gov.ar\/concursos\/72\/view\" target=\"_blank\" rel=\"noopener\">Concurso N\u00ba 06\/2019 &#8211; Secretario Judicial A (cat. 7.02) &#8211; Director de Estad\u00edsticas<\/a><\/p>\n\n\n\n<p><a target=\"_blank\" href=\"https:\/\/www.justucuman.gov.ar\/concursos\/70\/view\" rel=\"noopener\">Concurso N\u00ba 04\/2019 &#8211; Prosecretario Judicial C (cat. 11.01) para cumplir funciones de Relator &#8211; Juzgado en lo Civil en Documentos y Locaciones<\/a><\/p>\n\n\n\n<p><a target=\"_blank\" href=\"https:\/\/www.justucuman.gov.ar\/concursos\/69\/view\" rel=\"noopener\">Concurso N\u00ba 03\/2019 &#8211; Prosecretario Judicial C (cat. 11.01) &#8211; Relator de Juez de Ia. Instancia &#8211; Juzgado del Trabajo de la IIIa. Nom. &#8211; C.J. Concepci\u00f3n<\/a><\/p>\n\n\n\n<p><a target=\"_blank\" href=\"https:\/\/www.justucuman.gov.ar\/concursos\/67\/view\" rel=\"noopener\">Concurso N\u00ba 02\/2019 &#8211; Secretario Judicial B (cat. 8.01) &#8211; Juzgado de Cobros y Apremios de la IIa. Nom. &#8211; C.J. Concepci\u00f3n<\/a><\/p>\n\n\n\n<p><a target=\"_blank\" href=\"https:\/\/www.justucuman.gov.ar\/concursos\/66\/view\" rel=\"noopener\">Concurso N\u00ba 01\/2019 &#8211; Prosecretario Judicial C (cat. 11.01) &#8211; Relator de Juez de Ia. Instancia &#8211; Juzgado de Cobros y Apremios de la IIa. Nom.<\/a><\/p>\n\n\n\n<p><a target=\"_blank\" href=\"https:\/\/www.justucuman.gov.ar\/concursos\/65\/view\" rel=\"noopener\">Concurso N\u00ba 17\/2018 &#8211; Prosecretario Judicial C (cat 11.01) &#8211; Oficina de Derechos Humanos y Justicia &#8211; Centro Judicial Capital<\/a><\/p>\n\n\n\n<p><a target=\"_blank\" href=\"https:\/\/www.justucuman.gov.ar\/concursos\/64\/view\" rel=\"noopener\">Concurso N\u00ba 16\/2018 &#8211; Secretario de Corte (cat. 6.02) &#8211; Director de la Oficina de Gesti\u00f3n de Audiencias &#8211; Centro Judicial Concepci\u00f3n<\/a><\/p>\n\n\n\n<p><a target=\"_blank\" href=\"https:\/\/www.justucuman.gov.ar\/concursos\/63\/view\" rel=\"noopener\">Concurso N\u00ba 15\/2018 &#8211; Secretario de Corte (cat. 6.02) &#8211; Director de la Oficina de Gesti\u00f3n de Audiencias &#8211; Centro Judicial Capital<\/a><\/p>\n\n\n\n<p><a target=\"_blank\" href=\"https:\/\/www.justucuman.gov.ar\/concursos\/62\/view\" rel=\"noopener\">Concurso N\u00ba 14\/2018 &#8211; Prosecretario Judicial C (cat. 11.01) &#8211; M\u00e9dico &#8211; Oficina de Violencia Dom\u00e9stica &#8211; Centro Judicial Monteros<\/a><\/p>\n\n\n\n<p><a target=\"_blank\" href=\"https:\/\/www.justucuman.gov.ar\/concursos\/61\/view\" rel=\"noopener\">Concurso N\u00ba 13\/2018 &#8211; Prosecretario Judicial C (cat. 11.01) &#8211; Relator de Juez de Ia. Instancia &#8211; Juzgado de Ejecuci\u00f3n Penal &#8211; Centro Judicial Concepci\u00f3n<\/a><\/p>\n\n\n\n<p><a target=\"_blank\" href=\"https:\/\/www.justucuman.gov.ar\/concursos\/60\/view\" rel=\"noopener\">Concurso N\u00ba 12\/2018 &#8211; Secretario Judicial B (cat. 8.01) &#8211; Secretario de Concursos y Quiebras &#8211; Centro Judicial Concepci\u00f3n (2do. Concurso)<\/a><\/p>\n\n\n\n<p><a target=\"_blank\" href=\"https:\/\/www.justucuman.gov.ar\/concursos\/59\/view\" rel=\"noopener\">Concurso N\u00ba 11\/2018 &#8211; Prosecretario Judicial C (cat. 11.01) &#8211; Relator del Juzgado en lo Civil en Familia y Sucesiones IV\u00aa Nominaci\u00f3n &#8211; Centro Judicial Concepci\u00f3n<\/a><\/p>\n\n\n\n<p><a target=\"_blank\" href=\"https:\/\/www.justucuman.gov.ar\/concursos\/58\/view\" rel=\"noopener\">Concurso N\u00ba 10\/2018 &#8211; Secretario Judicial B (Cat. 8.01) &#8211; Juzgado en lo Civil en Familia y Sucesiones IV\u00aa Nominaci\u00f3n &#8211; Centro Judicial Concepci\u00f3n.<\/a><\/p>\n\n\n\n<p><a target=\"_blank\" href=\"https:\/\/www.justucuman.gov.ar\/concursos\/57\/view\" rel=\"noopener\">Concurso N\u00ba 09\/2018 &#8211; Prosecretario Judicial C (cat. 11.01) &#8211; M\u00e9dico &#8211; Oficina de Violencia Dom\u00e9stica del Centro Judicial Monteros.<\/a><\/p>\n\n\n\n<p><a target=\"_blank\" href=\"https:\/\/www.justucuman.gov.ar\/concursos\/56\/view\" rel=\"noopener\">Concurso N\u00ba 08\/2018 &#8211; Prosecretario Judicial C (cat. 12.01) &#8211; Perito M\u00e9dico &#8211; Cuerpo de Peritos M\u00e9dicos de los Centros Judiciales Concepci\u00f3n<\/a><\/p>\n\n\n\n<p><a target=\"_blank\" href=\"https:\/\/www.justucuman.gov.ar\/concursos\/55\/view\" rel=\"noopener\">Concurso N\u00ba 07\/2018 &#8211; Prosecretario Judicial C (cat. 11.01) &#8211; Psiquiatra &#8211; Gabinete Interdisciplinario del Centro Judicial Monteros.<\/a><\/p>\n\n\n\n<p><a target=\"_blank\" href=\"https:\/\/www.justucuman.gov.ar\/concursos\/54\/view\" rel=\"noopener\">Concurso N\u00ba 06\/2018 &#8211; Prosecretario Judicial C (cat. 11.01) &#8211; Perito M\u00e9dico &#8211; Cuerpo de Peritos M\u00e9dicos del Centro Judicial Capital<\/a><\/p>\n\n\n\n<p><a target=\"_blank\" href=\"https:\/\/www.justucuman.gov.ar\/concursos\/52\/view\" rel=\"noopener\">Concurso N\u00ba 05\/2018 &#8211; Prosecretario Judicial C (Cat 11.01) &#8211; Psic\u00f3logo &#8211; Gabinete Psicosocial del Centro Judicial Concepci\u00f3n<\/a><\/p>\n\n\n\n<p><a target=\"_blank\" href=\"https:\/\/www.justucuman.gov.ar\/concursos\/51\/view\" rel=\"noopener\">Concurso N\u00ba 04\/2018 &#8211; Secretario Judicial B (cat. 8.01) &#8211; Secretario de Concursos y Quiebras &#8211; Centro Judicial Concepci\u00f3n<\/a><\/p>\n\n\n\n<p><a target=\"_blank\" href=\"https:\/\/www.justucuman.gov.ar\/concursos\/50\/view\" rel=\"noopener\">Concurso N\u00ba 03\/2018 &#8211; Secretario Judicial B (cat. 8.01) &#8211; Secretario de Concursos y Quiebras &#8211; Centro Judicial Capital<\/a><\/p>\n\n\n\n<p><a target=\"_blank\" href=\"https:\/\/www.justucuman.gov.ar\/concursos\/49\/view\" rel=\"noopener\">Concurso N\u00ba 02\/2018 &#8211; Prosecretario Judicial C (cat. 11.01) &#8211; Relator del Juzgado en lo Civil en Familia y Sucesiones del Centro Judicial Monteros<\/a><\/p>\n\n\n\n<p><a target=\"_blank\" href=\"https:\/\/www.justucuman.gov.ar\/concursos\/47\/view\" rel=\"noopener\">Concurso N\u00ba 08\/2017 &#8211; Prosecretario Judicial C (categor\u00eda 11.01) &#8211; Psic\u00f3logo &#8211; Juzgado de Ejecuci\u00f3n Penal del C. J. Concepci\u00f3n y Gabinete Interdisciplinario del C.J. Monteros<\/a><\/p>\n\n\n\n<p><a target=\"_blank\" href=\"https:\/\/www.justucuman.gov.ar\/concursos\/46\/view\" rel=\"noopener\">Concurso N\u00ba 07\/2017 &#8211; Prosecretario Judicial C (Categor\u00eda 11.01) &#8211; Asistente Social &#8211; Juzgado de Ejecuci\u00f3n en lo Penal &#8211; Centro Judicial Capital<\/a><\/p>\n\n\n\n<p><a target=\"_blank\" href=\"https:\/\/www.justucuman.gov.ar\/concursos\/45\/view\" rel=\"noopener\">Concurso N\u00ba 06\/2017 &#8211; Secretario Judicial B (Categor\u00eda 8.01) &#8211; Abogado Coordinador de la Unidad de Violencia Dom\u00e9stica &#8211; Centro Judicial Concepci\u00f3n<\/a><\/p>\n\n\n\n<p><a target=\"_blank\" href=\"https:\/\/www.justucuman.gov.ar\/concursos\/44\/view\" rel=\"noopener\">Concurso N\u00ba 05\/2017 &#8211; Prosecretario Judicial C (Categor\u00eda 11.01) &#8211; Asistente Social (Juzgado de Ejecuci\u00f3n en lo Penal del C. J. Concepci\u00f3n y Gabinete Interdisciplinario del C. J. Monteros)<\/a><\/p>\n\n\n\n<p><a target=\"_blank\" href=\"https:\/\/www.justucuman.gov.ar\/concursos\/43\/view\" rel=\"noopener\">Concurso N\u00ba 04\/2017 &#8211; Secretario Judicial B (Categor\u00eda 8.01) &#8211; Secretario de Concursos y Quiebras &#8211; Centro Judicial Capital<\/a><\/p>\n\n\n\n<p><a target=\"_blank\" href=\"https:\/\/www.justucuman.gov.ar\/concursos\/42\/view\" rel=\"noopener\">Concurso N\u00ba 03\/2017 &#8211; Secretario Judicial A (categor\u00eda 7.02) &#8211; Abogado &#8211; Co-Coordinador de la Oficina de Violencia Dom\u00e9stica &#8211; Centro Judicial Capital<\/a><\/p>\n\n\n\n<p><a target=\"_blank\" href=\"https:\/\/www.justucuman.gov.ar\/concursos\/41\/view\" rel=\"noopener\">Concurso N\u00ba 02\/2017 &#8211; Prosecretario Judicial C (categor\u00eda 11.01) \u2013 Psiquiatra \u2013 Juzgado de Ejecuci\u00f3n en lo Penal \u2013 Centro Judicial Concepci\u00f3n<\/a><\/p>\n\n\n\n<p><a target=\"_blank\" href=\"https:\/\/www.justucuman.gov.ar\/concursos\/40\/view\" rel=\"noopener\">Concurso N\u00ba 01\/2017 &#8211; Prosecretario Judicial C (categor\u00eda 11.01) \u2013 Psiquiatra \u2013 Juzgado de Ejecuci\u00f3n en lo Penal \u2013 Centro Judicial Capital<\/a><\/p>\n\n\n\n<p><a target=\"_blank\" href=\"https:\/\/www.justucuman.gov.ar\/concursos\/39\/view\" rel=\"noopener\">Concurso N\u00ba 14\/2016 &#8211; Prosecretario Judicial C (categor\u00eda 11.01) \u2013 M\u00e9dico \u2013 Oficina de Asistencia a la V\u00edctima de Delitos \u2013 Centro Judicial Capital.<\/a><\/p>\n\n\n\n<p><a target=\"_blank\" href=\"https:\/\/www.justucuman.gov.ar\/concursos\/38\/view\" rel=\"noopener\">Concurso N\u00ba 13\/2016 &#8211; Prosecretario Judicial C (categor\u00eda 11.01) \u2013 Asistente Social \u2013 Oficina de Asistencia a la V\u00edctima de Delitos \u2013 Centro Judicial Capital.<\/a><\/p>\n\n\n\n<p><a target=\"_blank\" href=\"https:\/\/www.justucuman.gov.ar\/concursos\/37\/view\" rel=\"noopener\">Concurso N\u00ba 12\/2016 &#8211; Secretario Judicial B (categor\u00eda 8.01) \u2013 Abogado \u2013 Oficina de Asistencia a la V\u00edctima de Delitos \u2013 Centro Judicial Capital.<\/a><\/p>\n\n\n\n<p><a target=\"_blank\" href=\"https:\/\/www.justucuman.gov.ar\/concursos\/36\/view\" rel=\"noopener\">Concurso N\u00ba 11\/2016 &#8211; Prosecretario Judicial C (categor\u00eda 11.01) \u2013 Psic\u00f3logo \u2013 Oficina de Asistencia a la V\u00edctima de Delitos \u2013 Centro Judicial Capital.<\/a><\/p>\n\n\n\n<p><a target=\"_blank\" href=\"https:\/\/www.justucuman.gov.ar\/concursos\/35\/view\" rel=\"noopener\">Concurso N\u00ba 10\/2016 &#8211; Prosecretario Judicial C (categor\u00eda 11.01) \u2013 M\u00c9DICO \u2013 Oficina de Violencia Dom\u00e9stica \u2013 Centro Judicial Monteros y Concepci\u00f3n.<\/a><\/p>\n\n\n\n<p><a target=\"_blank\" href=\"https:\/\/www.justucuman.gov.ar\/concursos\/34\/view\" rel=\"noopener\">Concurso N\u00ba 09\/2016 &#8211; Prosecretario Judicial C (categor\u00eda 11.01) \u2013 ABOGADO \u2013 Oficina de Violencia Dom\u00e9stica \u2013 Centro Judicial Monteros.<\/a><\/p>\n\n\n\n<p><a target=\"_blank\" href=\"https:\/\/www.justucuman.gov.ar\/concursos\/33\/view\" rel=\"noopener\">Concurso N\u00ba 08\/2016 &#8211; Prosecretario Judicial C (categor\u00eda 11.01) \u2013 ASISTENTE SOCIAL \u2013 Oficina de Violencia Dom\u00e9stica \u2013 Centro Judicial Monteros y Concepci\u00f3n.<\/a><\/p>\n\n\n\n<p><a target=\"_blank\" href=\"https:\/\/www.justucuman.gov.ar\/concursos\/32\/view\" rel=\"noopener\">Concurso N\u00ba 07\/2016 &#8211; Prosecretario Judicial C (categor\u00eda 11.01) \u2013 PSIC\u00d3LOGO \u2013 Oficina de Violencia Dom\u00e9stica \u2013 Centro Judicial Monteros y Concepci\u00f3n.<\/a><\/p>\n\n\n\n<p><a target=\"_blank\" href=\"https:\/\/www.justucuman.gov.ar\/concursos\/28\/view\" rel=\"noopener\">Concurso N\u00ba 03\/2016 &#8211; Prosecretario Judicial C (Categor\u00eda 11.01) &#8211; Director de Comunicaci\u00f3n P\u00fablica de la Excma. Corte Suprema de Justicia &#8211; Centro Judicial Capital<\/a><\/p>\n\n\n\n<p><a target=\"_blank\" href=\"https:\/\/www.justucuman.gov.ar\/concursos\/27\/view\" rel=\"noopener\">Concurso N\u00ba 02\/2016 &#8211; Prosecretario Judicial C \u2013Auxiliar de Defensor\u2013 (categor\u00eda 11.01) &#8211; Centros Judiciales Concepci\u00f3n y Monteros<\/a><\/p>\n\n\n\n<p><a target=\"_blank\" href=\"https:\/\/www.justucuman.gov.ar\/concursos\/26\/view\" rel=\"noopener\">Concurso N\u00ba 01\/2016 &#8211; Prosecretario Judicial C \u2013Ayudante de Fiscal\u2013 (categor\u00eda 11.01) \u2013 Centros Judiciales Concepci\u00f3n y Monteros<\/a><\/p>\n\n\n\n<p><a target=\"_blank\" href=\"https:\/\/www.justucuman.gov.ar\/concursos\/24\/view\" rel=\"noopener\">Concurso N\u00ba A606\/2015 &#8211; Concurso P\u00fablico \u2013 Prosecretario Judicial C (categor\u00eda 11.01) \u2013 Encargado de la Oficina de Derechos Humanos y Justicia &#8211; Centro Judicial Capital<\/a><\/p>\n\n\n\n<p><a target=\"_blank\" href=\"https:\/\/www.justucuman.gov.ar\/concursos\/23\/view\" rel=\"noopener\">Concurso N\u00ba A115\/2015 &#8211; Concurso INTERNO \u2013 Secretario de Superintendencia de la Excma. Corte (Secretario de Corte \u2013 categor\u00eda 5.01) &#8211; Centro Judicial Capital<\/a><\/p>\n\n\n\n<p><a target=\"_blank\" href=\"https:\/\/www.justucuman.gov.ar\/concursos\/22\/view\" rel=\"noopener\">Concurso N\u00ba A110\/2015 &#8211; Concurso P\u00fablico Prosecretario Judicial C \u2013AUXILIAR DE DEFENSOR\u2013 (categor\u00eda 11.01) Centro Judicial Capital \u2013 A\u00f1o 2015<\/a><\/p>\n\n\n\n<p><a target=\"_blank\" href=\"https:\/\/www.justucuman.gov.ar\/concursos\/21\/view\" rel=\"noopener\">Concurso N\u00ba A111\/2015 &#8211; Concurso P\u00fablico Prosecretario Judicial C \u2013AYUDANTE DE FISCAL\u2013 (categor\u00eda 11.01) Centro Judicial Capital \u2013 A\u00f1o 2015<\/a><\/p>\n\n\n\n<p><a target=\"_blank\" href=\"https:\/\/www.justucuman.gov.ar\/concursos\/19\/view\" rel=\"noopener\">Concurso N\u00ba A1179\/2013 &#8211; Concurso P\u00fablico Prosecretario Judicial C \u2013AYUDANTE DE FISCAL\u2013 (categor\u00eda 11.01) Centro Judicial Capital \u2013 A\u00f1o 2015<\/a><\/p>\n\n\n\n<p><a target=\"_blank\" href=\"https:\/\/www.justucuman.gov.ar\/concursos\/18\/view\" rel=\"noopener\">Concurso N\u00ba A1153\/2013 &#8211; Concurso P\u00fablico M\u00e9dico Forense y Morgue Judicial &#8211; Prosecretario Judicial B (categor\u00eda 10.01) &#8211; Centro Judicial Concepci\u00f3n y Monteros<\/a><\/p>\n\n\n\n<p><a target=\"_blank\" href=\"https:\/\/www.justucuman.gov.ar\/concursos\/17\/view\" rel=\"noopener\">Concurso N\u00ba A1044\/2013 &#8211; Concurso P\u00fablico Subdirector de Mediaci\u00f3n &#8211; Secretario Judicial B (categor\u00eda 8.01) &#8211; Centro Judicial Concepci\u00f3n<\/a><\/p>\n\n\n\n<p><a target=\"_blank\" href=\"https:\/\/www.justucuman.gov.ar\/concursos\/16\/view\" rel=\"noopener\">Concurso N\u00ba A962\/2013 &#8211; Concurso P\u00fablico Subdirector de Mediaci\u00f3n &#8211; Secretario Judicial B (categor\u00eda 8.01) &#8211; Centro Judicial Capital<\/a><\/p>\n\n\n\n<p><a target=\"_blank\" href=\"https:\/\/www.justucuman.gov.ar\/concursos\/14\/view\" rel=\"noopener\">Concurso N\u00ba A801\/2012 &#8211; Concurso para Cubrir Cargo de MEDICO FORENSE y MORGUE JUDICIAL Prosecretario Judicial \u00abB\u00bb (categor\u00eda 10.01) &#8211; Centro Judicial Capital y Centro Judicial Concepci\u00f3n y Monteros<\/a><\/p>\n\n\n\n<p><a target=\"_blank\" href=\"https:\/\/www.justucuman.gov.ar\/concursos\/13\/view\" rel=\"noopener\">Concurso N\u00ba A497\/2012 &#8211; Concurso para Cubrir Cargo de Secretario Administrativo (categor\u00eda 5.01) &#8211; Excma. Corte Suprema de Justicia &#8211; Centro Judicial Capital<\/a><\/p>\n\n\n\n<p><a target=\"_blank\" href=\"https:\/\/www.justucuman.gov.ar\/concursos\/11\/view\" rel=\"noopener\">Concurso N\u00ba A829\/12 &#8211; Concurso Secretario\/a de Concursos y Quiebras &#8211; Secretario Judicial \u00abB\u00bb (categor\u00eda 8.01) &#8211; Centro Judicial Capital o Centro Judicial de Concepci\u00f3n<\/a><\/p>\n\n\n\n<p><a target=\"_blank\" href=\"https:\/\/www.justucuman.gov.ar\/concursos\/10\/view\" rel=\"noopener\">Concurso N\u00ba A648\/12 &#8211; Concurso para Cubrir Cargo de Prosecretario Judicial \u00abC\u00bb -AUXILIAR de DEFENSOR- (categor\u00eda 11.01) &#8211; Centro Judicial de Concepci\u00f3n y Centro Judicial de Monteros<\/a><\/p>\n\n\n\n<p><a target=\"_blank\" href=\"https:\/\/www.justucuman.gov.ar\/concursos\/9\/view\" rel=\"noopener\">Concurso N\u00ba A518\/11 &#8211; Concurso Ayudante Fiscal &#8211; Centro Judicial Capital<\/a><\/p>\n\n\n\n<p><a target=\"_blank\" href=\"https:\/\/www.justucuman.gov.ar\/concursos\/8\/view\" rel=\"noopener\">Concurso N\u00ba A519\/11 &#8211; Concurso Ayudante Defensor &#8211; Centro Judicial Capital<\/a><\/p>\n","protected":false},"excerpt":{"rendered":"<p>Concurso N\u00ba 06\/2019 &#8211; Secretario Judicial A (cat. 7.02) &#8211; Director de Estad\u00edsticas Concurso N\u00ba 04\/2019 &#8211; Prosecretario Judicial C (cat. 11.01) para cumplir funciones de Relator &#8211; Juzgado en lo Civil en Documentos y Locaciones Concurso N\u00ba 03\/2019 &#8211; Prosecretario Judicial C (cat. 11.01) &#8211; Relator de Juez de Ia. Instancia &#8211; Juzgado del&hellip;&nbsp;<\/p>\n","protected":false},"author":2,"featured_media":0,"parent":0,"menu_order":0,"comment_status":"closed","ping_status":"closed","template":"","meta":{"neve_meta_sidebar":"","neve_meta_container":"","neve_meta_enable_content_width":"","neve_meta_content_width":0,"neve_meta_title_alignment":"","neve_meta_author_avatar":"","neve_post_elements_order":"","neve_meta_disable_header":"","neve_meta_disable_footer":"","neve_meta_disable_title":"","footnotes":""},"class_list":["post-522","page","type-page","status-publish","hentry"],"jetpack_sharing_enabled":true,"_links":{"self":[{"href":"https:\/\/rrhhjustucuman.com.ar\/site\/wp-json\/wp\/v2\/pages\/522","targetHints":{"allow":["GET"]}}],"collection":[{"href":"https:\/\/rrhhjustucuman.com.ar\/site\/wp-json\/wp\/v2\/pages"}],"about":[{"href":"https:\/\/rrhhjustucuman.com.ar\/site\/wp-json\/wp\/v2\/types\/page"}],"author":[{"embeddable":true,"href":"https:\/\/rrhhjustucuman.com.ar\/site\/wp-json\/wp\/v2\/users\/2"}],"replies":[{"embeddable":true,"href":"https:\/\/rrhhjustucuman.com.ar\/site\/wp-json\/wp\/v2\/comments?post=522"}],"version-history":[{"count":17,"href":"https:\/\/rrhhjustucuman.com.ar\/site\/wp-json\/wp\/v2\/pages\/522\/revisions"}],"predecessor-version":[{"id":1718,"href":"https:\/\/rrhhjustucuman.com.ar\/site\/wp-json\/wp\/v2\/pages\/522\/revisions\/1718"}],"wp:attachment":[{"href":"https:\/\/rrhhjustucuman.com.ar\/site\/wp-json\/wp\/v2\/media?parent=522"}],"curies":[{"name":"wp","href":"https:\/\/api.w.org\/{rel}","templated":true}]}}