{"id":551,"date":"2023-08-31T17:11:20","date_gmt":"2023-08-31T20:11:20","guid":{"rendered":"https:\/\/rrhhjustucuman.com.ar\/site\/?page_id=551"},"modified":"2024-04-23T11:24:31","modified_gmt":"2024-04-23T14:24:31","slug":"otros-concursos","status":"publish","type":"page","link":"https:\/\/rrhhjustucuman.com.ar\/site\/otros-concursos\/","title":{"rendered":"Informes Estad\u00edsticos"},"content":{"rendered":"\n<hr class=\"wp-block-separator has-text-color has-alpha-channel-opacity has-background is-style-wide\" style=\"background-color:#fbab60;color:#fbab60\"\/>\n\n\n\n<div class=\"wp-block-group is-layout-flex wp-block-group-is-layout-flex\">\n<figure class=\"wp-block-image size-full is-resized hide-on-mobile\"><img loading=\"lazy\" decoding=\"async\" width=\"567\" height=\"567\" src=\"https:\/\/rrhhjustucuman.com.ar\/site\/wp-content\/uploads\/2023\/10\/informe-estadistico-1.png\" alt=\"\" class=\"wp-image-1343\" style=\"width:90px;height:undefinedpx\" srcset=\"https:\/\/rrhhjustucuman.com.ar\/site\/wp-content\/uploads\/2023\/10\/informe-estadistico-1.png 567w, https:\/\/rrhhjustucuman.com.ar\/site\/wp-content\/uploads\/2023\/10\/informe-estadistico-1-300x300.png 300w, https:\/\/rrhhjustucuman.com.ar\/site\/wp-content\/uploads\/2023\/10\/informe-estadistico-1-150x150.png 150w, https:\/\/rrhhjustucuman.com.ar\/site\/wp-content\/uploads\/2023\/10\/informe-estadistico-1-24x24.png 24w, https:\/\/rrhhjustucuman.com.ar\/site\/wp-content\/uploads\/2023\/10\/informe-estadistico-1-36x36.png 36w, https:\/\/rrhhjustucuman.com.ar\/site\/wp-content\/uploads\/2023\/10\/informe-estadistico-1-48x48.png 48w\" sizes=\"auto, (max-width: 567px) 100vw, 567px\" \/><\/figure>\n\n\n\n<div style=\"height:100px;width:0px\" aria-hidden=\"true\" class=\"wp-block-spacer wp-container-content-f9bd05ee\"><\/div>\n\n\n\n<p class=\"has-medium-font-size\"><a href=\"https:\/\/rrhhjustucuman.com.ar\/site\/informe-estadistico-de-concursos-publicos-desde-el-ano-2011\/\" data-type=\"page\" data-id=\"709\">Informe Estad\u00edstico de Concursos P\u00fablicos<\/a><\/p>\n<\/div>\n\n\n\n<div style=\"height:24px\" aria-hidden=\"true\" class=\"wp-block-spacer\"><\/div>\n\n\n\n<div class=\"wp-block-group is-layout-flex wp-block-group-is-layout-flex\">\n<figure class=\"wp-block-image size-full is-resized hide-on-mobile\"><img loading=\"lazy\" decoding=\"async\" width=\"567\" height=\"567\" src=\"https:\/\/rrhhjustucuman.com.ar\/site\/wp-content\/uploads\/2023\/10\/informe-estadistico-2.png\" alt=\"\" class=\"wp-image-1344\" style=\"width:90px;height:undefinedpx\" srcset=\"https:\/\/rrhhjustucuman.com.ar\/site\/wp-content\/uploads\/2023\/10\/informe-estadistico-2.png 567w, https:\/\/rrhhjustucuman.com.ar\/site\/wp-content\/uploads\/2023\/10\/informe-estadistico-2-300x300.png 300w, https:\/\/rrhhjustucuman.com.ar\/site\/wp-content\/uploads\/2023\/10\/informe-estadistico-2-150x150.png 150w, https:\/\/rrhhjustucuman.com.ar\/site\/wp-content\/uploads\/2023\/10\/informe-estadistico-2-24x24.png 24w, https:\/\/rrhhjustucuman.com.ar\/site\/wp-content\/uploads\/2023\/10\/informe-estadistico-2-36x36.png 36w, https:\/\/rrhhjustucuman.com.ar\/site\/wp-content\/uploads\/2023\/10\/informe-estadistico-2-48x48.png 48w\" sizes=\"auto, (max-width: 567px) 100vw, 567px\" \/><\/figure>\n\n\n\n<div style=\"height:100px;width:0px\" aria-hidden=\"true\" class=\"wp-block-spacer wp-container-content-f9bd05ee\"><\/div>\n\n\n\n<p class=\"has-medium-font-size\"><a href=\"https:\/\/www.justucuman.gov.ar\/concursos\/53\/view\" data-type=\"link\" data-id=\"https:\/\/www1.justucuman.gov.ar\/concursos\/53\/view\" target=\"_blank\" rel=\"noreferrer noopener\">Informe Estad\u00edstico de Evaluaciones Internas<\/a><\/p>\n<\/div>\n","protected":false},"excerpt":{"rendered":"<p>Informe Estad\u00edstico de Concursos P\u00fablicos Informe Estad\u00edstico de Evaluaciones Internas<\/p>\n","protected":false},"author":2,"featured_media":0,"parent":0,"menu_order":0,"comment_status":"closed","ping_status":"closed","template":"","meta":{"neve_meta_sidebar":"","neve_meta_container":"","neve_meta_enable_content_width":"","neve_meta_content_width":0,"neve_meta_title_alignment":"","neve_meta_author_avatar":"","neve_post_elements_order":"","neve_meta_disable_header":"","neve_meta_disable_footer":"","neve_meta_disable_title":"","footnotes":""},"class_list":["post-551","page","type-page","status-publish","hentry"],"jetpack_sharing_enabled":true,"_links":{"self":[{"href":"https:\/\/rrhhjustucuman.com.ar\/site\/wp-json\/wp\/v2\/pages\/551","targetHints":{"allow":["GET"]}}],"collection":[{"href":"https:\/\/rrhhjustucuman.com.ar\/site\/wp-json\/wp\/v2\/pages"}],"about":[{"href":"https:\/\/rrhhjustucuman.com.ar\/site\/wp-json\/wp\/v2\/types\/page"}],"author":[{"embeddable":true,"href":"https:\/\/rrhhjustucuman.com.ar\/site\/wp-json\/wp\/v2\/users\/2"}],"replies":[{"embeddable":true,"href":"https:\/\/rrhhjustucuman.com.ar\/site\/wp-json\/wp\/v2\/comments?post=551"}],"version-history":[{"count":10,"href":"https:\/\/rrhhjustucuman.com.ar\/site\/wp-json\/wp\/v2\/pages\/551\/revisions"}],"predecessor-version":[{"id":1519,"href":"https:\/\/rrhhjustucuman.com.ar\/site\/wp-json\/wp\/v2\/pages\/551\/revisions\/1519"}],"wp:attachment":[{"href":"https:\/\/rrhhjustucuman.com.ar\/site\/wp-json\/wp\/v2\/media?parent=551"}],"curies":[{"name":"wp","href":"https:\/\/api.w.org\/{rel}","templated":true}]}}