{"id":702,"date":"2023-09-04T10:46:58","date_gmt":"2023-09-04T13:46:58","guid":{"rendered":"https:\/\/rrhhjustucuman.com.ar\/site\/?page_id=702"},"modified":"2023-10-11T11:40:05","modified_gmt":"2023-10-11T14:40:05","slug":"concurso-para-administrativos","status":"publish","type":"page","link":"https:\/\/rrhhjustucuman.com.ar\/site\/concurso-para-administrativos\/","title":{"rendered":"Concursos para Ayudante Judicial"},"content":{"rendered":"\n<hr class=\"wp-block-separator has-text-color has-alpha-channel-opacity has-background is-style-wide\" style=\"background-color:#f89442;color:#f89442\"\/>\n\n\n\n<div class=\"wp-block-group is-nowrap is-layout-flex wp-container-core-group-is-layout-ad2f72ca wp-block-group-is-layout-flex\">\n<figure class=\"wp-block-image size-full is-resized\"><img loading=\"lazy\" decoding=\"async\" src=\"https:\/\/rrhhjustucuman.com.ar\/site\/wp-content\/uploads\/2023\/10\/icon-nuevo-concurso-funcionario.png\" alt=\"\" class=\"wp-image-1336\" style=\"width:90px;height:90px\" width=\"90\" height=\"90\" srcset=\"https:\/\/rrhhjustucuman.com.ar\/site\/wp-content\/uploads\/2023\/10\/icon-nuevo-concurso-funcionario.png 567w, https:\/\/rrhhjustucuman.com.ar\/site\/wp-content\/uploads\/2023\/10\/icon-nuevo-concurso-funcionario-300x300.png 300w, https:\/\/rrhhjustucuman.com.ar\/site\/wp-content\/uploads\/2023\/10\/icon-nuevo-concurso-funcionario-150x150.png 150w, https:\/\/rrhhjustucuman.com.ar\/site\/wp-content\/uploads\/2023\/10\/icon-nuevo-concurso-funcionario-24x24.png 24w, https:\/\/rrhhjustucuman.com.ar\/site\/wp-content\/uploads\/2023\/10\/icon-nuevo-concurso-funcionario-36x36.png 36w, https:\/\/rrhhjustucuman.com.ar\/site\/wp-content\/uploads\/2023\/10\/icon-nuevo-concurso-funcionario-48x48.png 48w\" sizes=\"auto, (max-width: 90px) 100vw, 90px\" \/><\/figure>\n\n\n\n<div style=\"height:15px;width:15px\" aria-hidden=\"true\" class=\"wp-block-spacer wp-container-content-42c95ffb\"><\/div>\n\n\n\n<p class=\"has-medium-font-size\"><a href=\"https:\/\/rrhhjustucuman.com.ar\/site\/concursos-para-cargos-administrativos-con-inscripcion-abierta-2\/\" data-type=\"page\" data-id=\"469\">Nuevos concursos<\/a><\/p>\n<\/div>\n\n\n\n<div class=\"wp-block-group is-nowrap is-layout-flex wp-container-core-group-is-layout-ad2f72ca wp-block-group-is-layout-flex\">\n<figure class=\"wp-block-image size-full is-resized\"><img decoding=\"async\" src=\"https:\/\/rrhhjustucuman.com.ar\/site\/wp-content\/uploads\/2023\/10\/icon-concurso-en-tramite.png\" alt=\"\" class=\"wp-image-1337\" style=\"width:90px\" width=\"90\" srcset=\"https:\/\/rrhhjustucuman.com.ar\/site\/wp-content\/uploads\/2023\/10\/icon-concurso-en-tramite.png 567w, https:\/\/rrhhjustucuman.com.ar\/site\/wp-content\/uploads\/2023\/10\/icon-concurso-en-tramite-300x300.png 300w, https:\/\/rrhhjustucuman.com.ar\/site\/wp-content\/uploads\/2023\/10\/icon-concurso-en-tramite-150x150.png 150w, https:\/\/rrhhjustucuman.com.ar\/site\/wp-content\/uploads\/2023\/10\/icon-concurso-en-tramite-24x24.png 24w, https:\/\/rrhhjustucuman.com.ar\/site\/wp-content\/uploads\/2023\/10\/icon-concurso-en-tramite-36x36.png 36w, https:\/\/rrhhjustucuman.com.ar\/site\/wp-content\/uploads\/2023\/10\/icon-concurso-en-tramite-48x48.png 48w\" sizes=\"(max-width: 567px) 100vw, 567px\" \/><\/figure>\n\n\n\n<div style=\"height:15px;width:15px\" aria-hidden=\"true\" class=\"wp-block-spacer wp-container-content-42c95ffb\"><\/div>\n\n\n\n<p class=\"has-medium-font-size\"><a href=\"https:\/\/rrhhjustucuman.com.ar\/site\/concursos-para-empleados-administrativos-en-tramite\/\" data-type=\"page\" data-id=\"574\">Concursos en tr\u00e1mite<\/a><\/p>\n<\/div>\n\n\n\n<div class=\"wp-block-group is-nowrap is-layout-flex wp-container-core-group-is-layout-ad2f72ca wp-block-group-is-layout-flex\">\n<figure class=\"wp-block-image size-full is-resized\"><img decoding=\"async\" src=\"https:\/\/rrhhjustucuman.com.ar\/site\/wp-content\/uploads\/2023\/10\/icon-conc-OM-VIGENTE.png\" alt=\"\" class=\"wp-image-1340\" style=\"width:90px\" width=\"90\" srcset=\"https:\/\/rrhhjustucuman.com.ar\/site\/wp-content\/uploads\/2023\/10\/icon-conc-OM-VIGENTE.png 567w, https:\/\/rrhhjustucuman.com.ar\/site\/wp-content\/uploads\/2023\/10\/icon-conc-OM-VIGENTE-300x300.png 300w, https:\/\/rrhhjustucuman.com.ar\/site\/wp-content\/uploads\/2023\/10\/icon-conc-OM-VIGENTE-150x150.png 150w, https:\/\/rrhhjustucuman.com.ar\/site\/wp-content\/uploads\/2023\/10\/icon-conc-OM-VIGENTE-24x24.png 24w, https:\/\/rrhhjustucuman.com.ar\/site\/wp-content\/uploads\/2023\/10\/icon-conc-OM-VIGENTE-36x36.png 36w, https:\/\/rrhhjustucuman.com.ar\/site\/wp-content\/uploads\/2023\/10\/icon-conc-OM-VIGENTE-48x48.png 48w\" sizes=\"(max-width: 567px) 100vw, 567px\" \/><\/figure>\n\n\n\n<div style=\"height:15px;width:15px\" aria-hidden=\"true\" class=\"wp-block-spacer wp-container-content-42c95ffb\"><\/div>\n\n\n\n<p class=\"has-medium-font-size\"><a href=\"https:\/\/rrhhjustucuman.com.ar\/site\/concursos-para-cubrir-cargos-administrativos\/\" data-type=\"page\" data-id=\"393\">Concursos con orden de m\u00e9rito vigente<\/a><\/p>\n<\/div>\n\n\n\n<div class=\"wp-block-group is-nowrap is-layout-flex wp-container-core-group-is-layout-ad2f72ca wp-block-group-is-layout-flex\">\n<figure class=\"wp-block-image size-full is-resized\"><img decoding=\"async\" src=\"https:\/\/rrhhjustucuman.com.ar\/site\/wp-content\/uploads\/2023\/10\/icon-conc-OM-VENCIDO.png\" alt=\"\" class=\"wp-image-1338\" style=\"width:90px\" width=\"90\" srcset=\"https:\/\/rrhhjustucuman.com.ar\/site\/wp-content\/uploads\/2023\/10\/icon-conc-OM-VENCIDO.png 567w, https:\/\/rrhhjustucuman.com.ar\/site\/wp-content\/uploads\/2023\/10\/icon-conc-OM-VENCIDO-300x300.png 300w, https:\/\/rrhhjustucuman.com.ar\/site\/wp-content\/uploads\/2023\/10\/icon-conc-OM-VENCIDO-150x150.png 150w, https:\/\/rrhhjustucuman.com.ar\/site\/wp-content\/uploads\/2023\/10\/icon-conc-OM-VENCIDO-24x24.png 24w, https:\/\/rrhhjustucuman.com.ar\/site\/wp-content\/uploads\/2023\/10\/icon-conc-OM-VENCIDO-36x36.png 36w, https:\/\/rrhhjustucuman.com.ar\/site\/wp-content\/uploads\/2023\/10\/icon-conc-OM-VENCIDO-48x48.png 48w\" sizes=\"(max-width: 567px) 100vw, 567px\" \/><\/figure>\n\n\n\n<div style=\"height:15px;width:15px\" aria-hidden=\"true\" class=\"wp-block-spacer wp-container-content-42c95ffb\"><\/div>\n\n\n\n<p class=\"has-medium-font-size\"><a href=\"https:\/\/rrhhjustucuman.com.ar\/site\/concursos-para-cubrir-cargos-administrativos-con-orden-de-merito-vencido\/\" data-type=\"page\" data-id=\"428\">Concursos con orden de m\u00e9rito vencido<\/a><\/p>\n<\/div>\n","protected":false},"excerpt":{"rendered":"<p>Nuevos concursos Concursos en tr\u00e1mite Concursos con orden de m\u00e9rito vigente Concursos con orden de m\u00e9rito vencido<\/p>\n","protected":false},"author":2,"featured_media":0,"parent":0,"menu_order":0,"comment_status":"closed","ping_status":"closed","template":"","meta":{"neve_meta_sidebar":"","neve_meta_container":"","neve_meta_enable_content_width":"","neve_meta_content_width":0,"neve_meta_title_alignment":"","neve_meta_author_avatar":"","neve_post_elements_order":"","neve_meta_disable_header":"","neve_meta_disable_footer":"","neve_meta_disable_title":"","footnotes":""},"class_list":["post-702","page","type-page","status-publish","hentry"],"jetpack_sharing_enabled":true,"_links":{"self":[{"href":"https:\/\/rrhhjustucuman.com.ar\/site\/wp-json\/wp\/v2\/pages\/702","targetHints":{"allow":["GET"]}}],"collection":[{"href":"https:\/\/rrhhjustucuman.com.ar\/site\/wp-json\/wp\/v2\/pages"}],"about":[{"href":"https:\/\/rrhhjustucuman.com.ar\/site\/wp-json\/wp\/v2\/types\/page"}],"author":[{"embeddable":true,"href":"https:\/\/rrhhjustucuman.com.ar\/site\/wp-json\/wp\/v2\/users\/2"}],"replies":[{"embeddable":true,"href":"https:\/\/rrhhjustucuman.com.ar\/site\/wp-json\/wp\/v2\/comments?post=702"}],"version-history":[{"count":8,"href":"https:\/\/rrhhjustucuman.com.ar\/site\/wp-json\/wp\/v2\/pages\/702\/revisions"}],"predecessor-version":[{"id":1362,"href":"https:\/\/rrhhjustucuman.com.ar\/site\/wp-json\/wp\/v2\/pages\/702\/revisions\/1362"}],"wp:attachment":[{"href":"https:\/\/rrhhjustucuman.com.ar\/site\/wp-json\/wp\/v2\/media?parent=702"}],"curies":[{"name":"wp","href":"https:\/\/api.w.org\/{rel}","templated":true}]}}