{"id":762,"date":"2023-09-04T12:05:42","date_gmt":"2023-09-04T15:05:42","guid":{"rendered":"https:\/\/rrhhjustucuman.com.ar\/site\/?page_id=762"},"modified":"2024-08-12T08:36:25","modified_gmt":"2024-08-12T11:36:25","slug":"evaluaciones-internas","status":"publish","type":"page","link":"https:\/\/rrhhjustucuman.com.ar\/site\/evaluaciones-internas\/","title":{"rendered":"Evaluaciones internas"},"content":{"rendered":"\n<hr class=\"wp-block-separator has-text-color has-alpha-channel-opacity has-background is-style-wide\" style=\"background-color:#ff9050;color:#ff9050\"\/>\n\n\n\n<div style=\"height:10px;width:0px\" aria-hidden=\"true\" class=\"wp-block-spacer\"><\/div>\n\n\n\n<div class=\"wp-block-group is-content-justification-left is-nowrap is-layout-flex wp-container-core-group-is-layout-f56a869c wp-block-group-is-layout-flex\">\n<figure class=\"wp-block-image size-full is-resized\"><a href=\"https:\/\/rrhhjustucuman.com.ar\/site\/wp-content\/uploads\/2023\/10\/icon-nuevo-concurso-funcionario.png\"><img loading=\"lazy\" decoding=\"async\" width=\"567\" height=\"567\" src=\"https:\/\/rrhhjustucuman.com.ar\/site\/wp-content\/uploads\/2023\/10\/icon-nuevo-concurso-funcionario.png\" alt=\"\" class=\"wp-image-1336\" style=\"object-fit:cover;width:90px;height:90px\" srcset=\"https:\/\/rrhhjustucuman.com.ar\/site\/wp-content\/uploads\/2023\/10\/icon-nuevo-concurso-funcionario.png 567w, https:\/\/rrhhjustucuman.com.ar\/site\/wp-content\/uploads\/2023\/10\/icon-nuevo-concurso-funcionario-300x300.png 300w, https:\/\/rrhhjustucuman.com.ar\/site\/wp-content\/uploads\/2023\/10\/icon-nuevo-concurso-funcionario-150x150.png 150w, https:\/\/rrhhjustucuman.com.ar\/site\/wp-content\/uploads\/2023\/10\/icon-nuevo-concurso-funcionario-24x24.png 24w, https:\/\/rrhhjustucuman.com.ar\/site\/wp-content\/uploads\/2023\/10\/icon-nuevo-concurso-funcionario-36x36.png 36w, https:\/\/rrhhjustucuman.com.ar\/site\/wp-content\/uploads\/2023\/10\/icon-nuevo-concurso-funcionario-48x48.png 48w\" sizes=\"auto, (max-width: 567px) 100vw, 567px\" \/><\/a><\/figure>\n\n\n\n<p><a href=\"https:\/\/rrhhjustucuman.com.ar\/site\/nuevas-evaluaciones-internas\/\" data-type=\"page\" data-id=\"1625\">Nuevas evaluaciones internas<\/a><\/p>\n<\/div>\n\n\n\n<div class=\"wp-block-group is-content-justification-left is-nowrap is-layout-flex wp-container-core-group-is-layout-f56a869c wp-block-group-is-layout-flex\">\n<figure class=\"wp-block-image size-full is-resized\"><a href=\"https:\/\/rrhhjustucuman.com.ar\/site\/wp-content\/uploads\/2023\/10\/icon-concurso-en-tramite.png\"><img loading=\"lazy\" decoding=\"async\" width=\"567\" height=\"567\" src=\"https:\/\/rrhhjustucuman.com.ar\/site\/wp-content\/uploads\/2023\/10\/icon-concurso-en-tramite.png\" alt=\"\" class=\"wp-image-1337\" style=\"object-fit:cover;width:90px;height:90px\" srcset=\"https:\/\/rrhhjustucuman.com.ar\/site\/wp-content\/uploads\/2023\/10\/icon-concurso-en-tramite.png 567w, https:\/\/rrhhjustucuman.com.ar\/site\/wp-content\/uploads\/2023\/10\/icon-concurso-en-tramite-300x300.png 300w, https:\/\/rrhhjustucuman.com.ar\/site\/wp-content\/uploads\/2023\/10\/icon-concurso-en-tramite-150x150.png 150w, https:\/\/rrhhjustucuman.com.ar\/site\/wp-content\/uploads\/2023\/10\/icon-concurso-en-tramite-24x24.png 24w, https:\/\/rrhhjustucuman.com.ar\/site\/wp-content\/uploads\/2023\/10\/icon-concurso-en-tramite-36x36.png 36w, https:\/\/rrhhjustucuman.com.ar\/site\/wp-content\/uploads\/2023\/10\/icon-concurso-en-tramite-48x48.png 48w\" sizes=\"auto, (max-width: 567px) 100vw, 567px\" \/><\/a><\/figure>\n\n\n\n<p><a href=\"https:\/\/rrhhjustucuman.com.ar\/site\/evaluaciones-internas-en-tramite\/\" data-type=\"page\" data-id=\"1633\">Evaluaciones internas en tr\u00e1mite<\/a><\/p>\n<\/div>\n\n\n\n<div class=\"wp-block-group is-content-justification-left is-nowrap is-layout-flex wp-container-core-group-is-layout-f56a869c wp-block-group-is-layout-flex\">\n<figure class=\"wp-block-image size-full is-resized\"><a href=\"https:\/\/rrhhjustucuman.com.ar\/site\/wp-content\/uploads\/2023\/10\/icon-conc-OM-VIGENTE.png\"><img loading=\"lazy\" decoding=\"async\" width=\"567\" height=\"567\" src=\"https:\/\/rrhhjustucuman.com.ar\/site\/wp-content\/uploads\/2023\/10\/icon-conc-OM-VIGENTE.png\" alt=\"\" class=\"wp-image-1340\" style=\"object-fit:cover;width:90px;height:90px\" srcset=\"https:\/\/rrhhjustucuman.com.ar\/site\/wp-content\/uploads\/2023\/10\/icon-conc-OM-VIGENTE.png 567w, https:\/\/rrhhjustucuman.com.ar\/site\/wp-content\/uploads\/2023\/10\/icon-conc-OM-VIGENTE-300x300.png 300w, https:\/\/rrhhjustucuman.com.ar\/site\/wp-content\/uploads\/2023\/10\/icon-conc-OM-VIGENTE-150x150.png 150w, https:\/\/rrhhjustucuman.com.ar\/site\/wp-content\/uploads\/2023\/10\/icon-conc-OM-VIGENTE-24x24.png 24w, https:\/\/rrhhjustucuman.com.ar\/site\/wp-content\/uploads\/2023\/10\/icon-conc-OM-VIGENTE-36x36.png 36w, https:\/\/rrhhjustucuman.com.ar\/site\/wp-content\/uploads\/2023\/10\/icon-conc-OM-VIGENTE-48x48.png 48w\" sizes=\"auto, (max-width: 567px) 100vw, 567px\" \/><\/a><\/figure>\n\n\n\n<p><a href=\"https:\/\/rrhhjustucuman.com.ar\/site\/evaluaciones-internas-con-orden-de-merito-vigente\/\" data-type=\"page\" data-id=\"1612\">Evaluaciones internas con orden de m\u00e9rito vigente<\/a><\/p>\n<\/div>\n\n\n\n<div class=\"wp-block-group is-content-justification-left is-nowrap is-layout-flex wp-container-core-group-is-layout-f56a869c wp-block-group-is-layout-flex\">\n<figure class=\"wp-block-image size-full is-resized\"><a href=\"https:\/\/rrhhjustucuman.com.ar\/site\/wp-content\/uploads\/2023\/10\/icon-conc-OM-VENCIDO.png\"><img loading=\"lazy\" decoding=\"async\" width=\"567\" height=\"567\" src=\"https:\/\/rrhhjustucuman.com.ar\/site\/wp-content\/uploads\/2023\/10\/icon-conc-OM-VENCIDO.png\" alt=\"\" class=\"wp-image-1338\" style=\"object-fit:cover;width:90px;height:90px\" srcset=\"https:\/\/rrhhjustucuman.com.ar\/site\/wp-content\/uploads\/2023\/10\/icon-conc-OM-VENCIDO.png 567w, https:\/\/rrhhjustucuman.com.ar\/site\/wp-content\/uploads\/2023\/10\/icon-conc-OM-VENCIDO-300x300.png 300w, https:\/\/rrhhjustucuman.com.ar\/site\/wp-content\/uploads\/2023\/10\/icon-conc-OM-VENCIDO-150x150.png 150w, https:\/\/rrhhjustucuman.com.ar\/site\/wp-content\/uploads\/2023\/10\/icon-conc-OM-VENCIDO-24x24.png 24w, https:\/\/rrhhjustucuman.com.ar\/site\/wp-content\/uploads\/2023\/10\/icon-conc-OM-VENCIDO-36x36.png 36w, https:\/\/rrhhjustucuman.com.ar\/site\/wp-content\/uploads\/2023\/10\/icon-conc-OM-VENCIDO-48x48.png 48w\" sizes=\"auto, (max-width: 567px) 100vw, 567px\" \/><\/a><\/figure>\n\n\n\n<p><a href=\"https:\/\/rrhhjustucuman.com.ar\/site\/evaluaciones-internas-con-orden-de-merito-vencido\/\" data-type=\"page\" data-id=\"1647\">Evaluaciones internas con orden de m\u00e9rito vencido<\/a><\/p>\n<\/div>\n","protected":false},"excerpt":{"rendered":"<p>Nuevas evaluaciones internas Evaluaciones internas en tr\u00e1mite Evaluaciones internas con orden de m\u00e9rito vigente Evaluaciones internas con orden de m\u00e9rito vencido<\/p>\n","protected":false},"author":2,"featured_media":0,"parent":0,"menu_order":0,"comment_status":"closed","ping_status":"closed","template":"","meta":{"neve_meta_sidebar":"","neve_meta_container":"","neve_meta_enable_content_width":"","neve_meta_content_width":0,"neve_meta_title_alignment":"","neve_meta_author_avatar":"","neve_post_elements_order":"","neve_meta_disable_header":"","neve_meta_disable_footer":"","neve_meta_disable_title":"","footnotes":""},"class_list":["post-762","page","type-page","status-publish","hentry"],"jetpack_sharing_enabled":true,"_links":{"self":[{"href":"https:\/\/rrhhjustucuman.com.ar\/site\/wp-json\/wp\/v2\/pages\/762","targetHints":{"allow":["GET"]}}],"collection":[{"href":"https:\/\/rrhhjustucuman.com.ar\/site\/wp-json\/wp\/v2\/pages"}],"about":[{"href":"https:\/\/rrhhjustucuman.com.ar\/site\/wp-json\/wp\/v2\/types\/page"}],"author":[{"embeddable":true,"href":"https:\/\/rrhhjustucuman.com.ar\/site\/wp-json\/wp\/v2\/users\/2"}],"replies":[{"embeddable":true,"href":"https:\/\/rrhhjustucuman.com.ar\/site\/wp-json\/wp\/v2\/comments?post=762"}],"version-history":[{"count":19,"href":"https:\/\/rrhhjustucuman.com.ar\/site\/wp-json\/wp\/v2\/pages\/762\/revisions"}],"predecessor-version":[{"id":1719,"href":"https:\/\/rrhhjustucuman.com.ar\/site\/wp-json\/wp\/v2\/pages\/762\/revisions\/1719"}],"wp:attachment":[{"href":"https:\/\/rrhhjustucuman.com.ar\/site\/wp-json\/wp\/v2\/media?parent=762"}],"curies":[{"name":"wp","href":"https:\/\/api.w.org\/{rel}","templated":true}]}}